{"id":1946,"date":"2019-04-27T20:16:12","date_gmt":"2019-04-27T20:16:12","guid":{"rendered":"http:\/\/sbrc2019.sbc.org.br\/?page_id=1946"},"modified":"2024-10-01T23:30:20","modified_gmt":"2024-10-02T02:30:20","slug":"programacao-ctd","status":"publish","type":"page","link":"https:\/\/sbrc2019.sbc.org.br\/en\/programacao-ctd\/","title":{"rendered":"CTD SCHEDULE"},"content":{"rendered":"<table>\n<tbody>\n<tr>\n<td style=\"background-color: #f27f4e; color: white;\" width=\"576\"><strong><span style=\"font-family: inherit; font-size: inherit;\">Wednesday, May 8, 2019<\/span><\/strong><\/p>\n<p><strong>Mestrado 1<\/strong><\/p>\n<p><strong> Chair: Anelise Munaretto<\/strong><\/p>\n<p>10:30AM &#8211; 12:00PM<\/td>\n<\/tr>\n<tr>\n<td width=\"576\"><strong>Route Selection and Trajectory Filling in Mobility Traces<\/strong><\/p>\n<ul>\n<li>Augusto Domingues, Universidade Federal de Minas Gerais, Brazil<\/li>\n<li>Fabr\u00edcio Silva, UFV, Brazil<\/li>\n<li>Antonio Alfredo Ferreira Loureiro, UFMG, Brazil.<\/li>\n<\/ul>\n<p><strong>DYRP-VLC: Um Protocolo De Roteamento Din\u00e2mico Para Redes De Comunica\u00e7\u00e3o Por Luz Vis\u00edvel<\/strong><\/p>\n<ul>\n<li>Luiz Mendes Matheus, Federal University of Juiz de Fora, Brazil<\/li>\n<li>Alex Vieira, Universidade Federal de Juiz de Fora, Brazil<\/li>\n<li>Marcos Vieira, UFMG, Brazil.<\/li>\n<\/ul>\n<p><strong>SMAFramework: Arcabou\u00e7o para Integra\u00e7\u00e3o de Dados Urbanos Cientes da Correla\u00e7\u00e3o Espa\u00e7o-Temporal<\/strong><\/p>\n<ul>\n<li>Diego Oliveira Rodrigues, University of Campinas, Brazil<\/li>\n<li>Leandro Villas, UNICAMP, Brazil.<\/li>\n<\/ul>\n<p><strong>Dissemina\u00e7\u00e3o de Dados Baseada em M\u00e9tricas de Redes Complexas Para Sistemas de Transporte Inteligentes<\/strong><\/p>\n<ul>\n<li>Joahannes Costa, UNICAMP &#8211; Universidade Estadual de Campinas, Brazil<\/li>\n<li>Denis Ros\u00e1rio, Federal University of Par\u00e1, Brazil<\/li>\n<li>Eduardo Cerqueira, Universidade Federal do Par\u00e1 &#8211; UFPA, Brazil.<\/li>\n<\/ul>\n<\/td>\n<\/tr>\n<\/tbody>\n<\/table>\n<table>\n<tbody>\n<tr>\n<td style=\"background-color: #f27f4e; color: white;\" width=\"576\"><strong>Wednesday, May 8, 2019<\/strong><\/p>\n<p><strong>Mestrado 2 <\/strong><\/p>\n<p><strong>Chair: Daniel Macedo<\/strong><\/p>\n<p>2:00PM &#8211; 3:30PM<\/td>\n<\/tr>\n<tr>\n<td width=\"576\"><strong>Graph-based Feature Enrichment for Online Intrusion Detection in Virtual Networks<\/strong><\/p>\n<ul>\n<li>Igor Jochem Sanz, Universidade Federal do Rio de Janeiro, Brazil<\/li>\n<li>Otto Carlos Muniz Bandeira Duarte, UFRJ, Brazil.<\/li>\n<\/ul>\n<p><strong>Improving Software Middleboxes and Datacenter Task Schedulers<\/strong><\/p>\n<ul>\n<li>Hugo Sadok, Miguel Elias Mitre Campista, Luis Henrique Costa, Universidade Federal do Rio de Janeiro, Brazil.<\/li>\n<\/ul>\n<p><strong>Ger\u00eancia do Ciclo de Vida de VNFs e Implementa\u00e7\u00e3o de Servi\u00e7os Distribu\u00eddos na Rede<\/strong><\/p>\n<ul>\n<li>Giovanni Ven\u00e2ncio, Universidade Federal do Paran\u00e1, Brazil<\/li>\n<li>Rog\u00e9rio Turchetti, Universidade Federal de Santa Maria, Brazil<\/li>\n<li>Elias Duarte Jr., UFPR, Brazil.<\/li>\n<\/ul>\n<p><strong>Abordagens Exata e Heur\u00edstica para o Mapeamento de Redes<\/strong><br \/>\n<strong>Virtuais<\/strong><\/p>\n<ul>\n<li>Samuel Ara\u00fajo, UFMG, Brazil<\/li>\n<li>Fernanda Sumika Souza, UFSJ, Brazil<\/li>\n<li>Geraldo Robson Mateus, UFMG, Brazil.<\/li>\n<\/ul>\n<\/td>\n<\/tr>\n<\/tbody>\n<\/table>\n<table>\n<tbody>\n<tr>\n<td style=\"background-color: #f27f4e; color: white;\" width=\"576\"><strong><span style=\"font-family: inherit; font-size: inherit;\">Thursday, May 9, 2019<\/span><\/strong><\/p>\n<p><strong>Doutorado 1<\/strong><\/p>\n<p><strong>Chair: Heitor Ramos<\/strong><\/p>\n<p>10:30AM &#8211; 12:00PM<\/td>\n<\/tr>\n<tr>\n<td width=\"576\">&nbsp;<\/p>\n<p><strong>Prote\u00e7\u00e3o em Redes \u00d3pticas El\u00e1sticas com Multiplexa\u00e7\u00e3o Espacial<\/strong><\/p>\n<ul>\n<li>Helder Oliveira, Universidade Estadual de Campinas, Brazil<\/li>\n<li>Nelson Fonseca, UNICAMP, Brazil.<\/li>\n<\/ul>\n<p><strong>RDNA: Arquitetura Definida por Res\u00edduos para Redes de Data<\/strong><br \/>\n<strong>Centers<\/strong><\/p>\n<ul>\n<li>Alextian Liberato, Instituto Federal de Educa\u00e7\u00e3o, Ci\u00eancia e Tecnologia do<br \/>\nEsp\u00edrito Santo &#8211; IFES, Brazil<\/li>\n<li>Moises Ribeiro, Universidade Federal do Espirito Santo, Brazil<\/li>\n<li>Magnos Martinello, Universidade Federal do Esp\u00edrito Santo &#8211; UFES, Brazil.<\/li>\n<\/ul>\n<p><strong>Towards Reliable Intrusion Detection in High Speed Networks<\/strong><\/p>\n<ul>\n<li>Eduardo Viegas, Samsung Research Brazil (SRBR), Brazil<\/li>\n<li>Altair Santin, Pontif\u00edcia Universidade Cat\u00f3lica do Paran\u00e1 \/ Pontifical Catholic University of Parana (PUCPR), Brazil.<\/li>\n<\/ul>\n<p><strong>A Prediction-based Approach for Anomaly Detection in the Cloud<\/strong><\/p>\n<ul>\n<li>Bruno L. Dalmazo, Federal University of Rio Grande do Sul, Brazil<\/li>\n<li>Jo\u00e3o P. Vilela, Marilia Curado, University of Coimbra, Portugal.<\/li>\n<\/ul>\n<\/td>\n<\/tr>\n<\/tbody>\n<\/table>\n<table>\n<tbody>\n<tr>\n<td style=\"background-color: #f27f4e; color: white;\" width=\"576\"><strong><span style=\"font-family: inherit; font-size: inherit;\">Thursday, May 9, 2019<\/span><\/strong><\/p>\n<p><strong>Doutorado 2<\/strong><\/p>\n<p><strong>Chair: Daniel Menasch\u00e9<\/strong><\/p>\n<p>2:00PM &#8211; 3:30PM<\/td>\n<\/tr>\n<tr>\n<td width=\"576\"><strong>Mobility Support in Vehicular Named-Data Networking<\/strong><\/p>\n<ul>\n<li>Jo\u00e3o do Monte Duarte, University of Cabo Verde, Brazil<\/li>\n<li>Torsten Braun, University of Bern, Switzerland<\/li>\n<li>Leandro Villas, UNICAMP, Brazil.<\/li>\n<\/ul>\n<p><strong>Mininet-WiFi: Plataforma de Emula\u00e7\u00e3o para Redes sem Fio Definidas por Software<\/strong><\/p>\n<ul>\n<li>Ramon Fontes, Unicamp, Brazil<\/li>\n<li>Christian Esteve Rothenberg, University of Campinas &#8211; UNICAMP, Brazil.<\/li>\n<\/ul>\n<p><strong>A Monitoring and Threat Detection System Using Stream Processing as a Virtual Function for Big Data<\/strong><\/p>\n<ul>\n<li>Martin Andreoni Lopez, Samsung Research, Brazil<\/li>\n<li>Otto Carlos Muniz Bandeira Duarte, UFRJ, Brazil<\/li>\n<li>Guy Pujolle, Universit\u00e9 Pierre et Marie Curie &#8211; Paris 6, France.<\/li>\n<\/ul>\n<p><strong>End-to-End Network Slices: From Network Function Profiles to<\/strong><br \/>\n<strong>Fine-Grained SLAs<\/strong><\/p>\n<ul>\n<li>Raphael Rosa, Universidade Estadual de Campinas, Brazil<\/li>\n<li>Christian Esteve Rothenberg, University of Campinas &#8211; UNICAMP, Brazil.<\/li>\n<\/ul>\n<\/td>\n<\/tr>\n<\/tbody>\n<\/table>\n","protected":false},"excerpt":{"rendered":"<p>Wednesday, May 8, 2019 Mestrado 1 Chair: Anelise Munaretto 10:30AM &#8211; 12:00PM Route Selection and Trajectory Filling in Mobility Traces Augusto Domingues, Universidade Federal de Minas Gerais, Brazil Fabr\u00edcio Silva,&#8230;<\/p>\n","protected":false},"author":1,"featured_media":0,"parent":0,"menu_order":0,"comment_status":"closed","ping_status":"closed","template":"","meta":{"_seopress_robots_primary_cat":"","_seopress_titles_title":"","_seopress_titles_desc":"","_seopress_robots_index":"","footnotes":""},"class_list":["post-1946","page","type-page","status-publish","hentry"],"_links":{"self":[{"href":"https:\/\/sbrc2019.sbc.org.br\/en\/wp-json\/wp\/v2\/pages\/1946","targetHints":{"allow":["GET"]}}],"collection":[{"href":"https:\/\/sbrc2019.sbc.org.br\/en\/wp-json\/wp\/v2\/pages"}],"about":[{"href":"https:\/\/sbrc2019.sbc.org.br\/en\/wp-json\/wp\/v2\/types\/page"}],"author":[{"embeddable":true,"href":"https:\/\/sbrc2019.sbc.org.br\/en\/wp-json\/wp\/v2\/users\/1"}],"replies":[{"embeddable":true,"href":"https:\/\/sbrc2019.sbc.org.br\/en\/wp-json\/wp\/v2\/comments?post=1946"}],"version-history":[{"count":2,"href":"https:\/\/sbrc2019.sbc.org.br\/en\/wp-json\/wp\/v2\/pages\/1946\/revisions"}],"predecessor-version":[{"id":2305,"href":"https:\/\/sbrc2019.sbc.org.br\/en\/wp-json\/wp\/v2\/pages\/1946\/revisions\/2305"}],"wp:attachment":[{"href":"https:\/\/sbrc2019.sbc.org.br\/en\/wp-json\/wp\/v2\/media?parent=1946"}],"curies":[{"name":"wp","href":"https:\/\/api.w.org\/{rel}","templated":true}]}}