{"id":1823,"date":"2019-04-15T16:11:28","date_gmt":"2019-04-15T16:11:28","guid":{"rendered":"http:\/\/sbrc2019.sbc.org.br\/?page_id=1823"},"modified":"2024-10-01T23:30:19","modified_gmt":"2024-10-02T02:30:19","slug":"timothy-griffin","status":"publish","type":"page","link":"https:\/\/sbrc2019.sbc.org.br\/en\/timothy-griffin\/","title":{"rendered":""},"content":{"rendered":"<section class=\"l-section wpb_row height_medium\"><div class=\"l-section-h i-cf\"><div class=\"g-cols vc_row type_default valign_top\"><div class=\"vc_col-sm-12 wpb_column vc_column_container\"><div class=\"vc_column-inner\"><div class=\"wpb_wrapper\">\r\n\t<div class=\"wpb_text_column \">\r\n\t\t<div class=\"wpb_wrapper\">\r\n\t\t\t<h2 class=\"text-center\">Roteamento distribu\u00eddo baseado em pol\u00edticas sem coordena\u00e7\u00e3o global<\/h2>\n\r\n\t\t<\/div>\r\n\t<\/div>\r\n<\/div><\/div><\/div><\/div><\/div><\/section>\n<section class=\"l-section wpb_row height_medium\"><div class=\"l-section-h i-cf\"><div class=\"g-cols vc_row type_default valign_top\"><div class=\"vc_col-sm-3 wpb_column vc_column_container\"><div class=\"vc_column-inner\"><div class=\"wpb_wrapper\">\n<div class=\"w-person layout_circle\" itemscope itemtype=\"https:\/\/schema.org\/Person\"><div class=\"w-person-image\"><a class=\"w-person-link\" href=\"https:\/\/www.cl.cam.ac.uk\/~tgg22\/\" target=\"_blank\"><img loading=\"lazy\" decoding=\"async\" src=\"https:\/\/sbrc2019.sbc.org.br\/wp-content\/uploads\/2019\/04\/iguacu-e1555344496822-350x350.jpg\" width=\"350\" height=\"350\" alt=\"Timothy Griffin\" itemprop=\"image\"><\/a><\/div><div class=\"w-person-content\"><a class=\"w-person-link\" href=\"https:\/\/www.cl.cam.ac.uk\/~tgg22\/\" target=\"_blank\"><h4 class=\"w-person-name\" itemprop=\"name\"><span>Timothy Griffin<\/span><\/h4><\/a><div class=\"w-person-role\" itemprop=\"jobTitle\">Computer Laboratory University of Cambridge<\/div><\/div><\/div>\n<\/div><\/div><\/div>\n<div class=\"vc_col-sm-9 wpb_column vc_column_container\"><div class=\"vc_column-inner\"><div class=\"wpb_wrapper\">\r\n\t<div class=\"wpb_text_column \">\r\n\t\t<div class=\"wpb_wrapper\">\r\n\t\t\t<p><iframe loading=\"lazy\" width=\"560\" height=\"315\" src=\"https:\/\/www.youtube.com\/embed\/aGPVAramfvE\" frameborder=\"0\" allow=\"accelerometer; autoplay; encrypted-media; gyroscope; picture-in-picture\" allowfullscreen><\/iframe><\/p>\n\r\n\t\t<\/div>\r\n\t<\/div>\r\n<\/div><\/div><\/div><\/div><\/div><\/section>\n<section class=\"l-section wpb_row height_medium\"><div class=\"l-section-h i-cf\"><div class=\"g-cols vc_row type_default valign_top\"><div class=\"vc_col-sm-12 wpb_column vc_column_container\"><div class=\"vc_column-inner\"><div class=\"wpb_wrapper\">\r\n\t<div class=\"wpb_text_column \">\r\n\t\t<div class=\"wpb_wrapper\">\r\n\t\t\t<p style=\"color:blue;\">Date: 09\/05\/2019 (Thursday) \u2013 08:30 to 10:00<\/p>\n<p\/>\n<p style=\"text-align: justify;\"><strong>Abstract:<\/strong> Os protocolos de roteamento distribu\u00eddos n\u00e3o desaparecer\u00e3o, mesmo no mundo das redes definidas por software SDN). Na verdade, a SDN facilitar\u00e1 a defini\u00e7\u00e3o de novos protocolos de roteamento distribu\u00eddos. Esta apresenta\u00e7\u00e3o ir\u00e1 pesquisar modelos abstratos de roteamento. Em articular, veremos como o expressivo &#8220;roteamento baseado em pol\u00edticas&#8221; requer novos conhecimentos e resultados matem\u00e1ticos. Se as linguagens de pol\u00edtica de roteamento forem muito expressivas, poder\u00e3o surgir anomalias estranhas (como no BGP). Procuramos desenvolver uma fam\u00edlia de linguagens de pol\u00edticas que sejam maximamente expressivas, mantendo as garantias de &#8220;bom&#8221; comportamento.<\/p>\n<p style=\"text-align: justify;\"><strong>Bio:<\/strong> Tim Griffin estudou matem\u00e1tica na Universidade de Wisconsin, Madison e, em seguida, recebeu um PhD em ci\u00eancia da computa\u00e7\u00e3o pela Universidade de Cornell. Foi professor da UNICAMP em 1989-1991 (conhecido como &#8220;Professor Ra-Tim-Boom&#8221; pelos alunos). Depois disso, trabalhou na Bell Laboratories, na AT&#038;T Research e na Intel Labs antes de ingressar no Laborat\u00f3rio de Computa\u00e7\u00e3o em Cambridge, em 2006. O Dr. Griffin publicou pesquisas nas \u00e1reas de demonstra\u00e7\u00e3o de teoremas interativos, linguagens de programa\u00e7\u00e3o, bancos de dados e roteamento na Internet.<\/p>\n\r\n\t\t<\/div>\r\n\t<\/div>\r\n<\/div><\/div><\/div><\/div><\/div><\/section>\n","protected":false},"excerpt":{"rendered":"","protected":false},"author":1,"featured_media":0,"parent":0,"menu_order":0,"comment_status":"closed","ping_status":"closed","template":"","meta":{"_seopress_robots_primary_cat":"","_seopress_titles_title":"","_seopress_titles_desc":"","_seopress_robots_index":"","footnotes":""},"class_list":["post-1823","page","type-page","status-publish","hentry"],"_links":{"self":[{"href":"https:\/\/sbrc2019.sbc.org.br\/en\/wp-json\/wp\/v2\/pages\/1823","targetHints":{"allow":["GET"]}}],"collection":[{"href":"https:\/\/sbrc2019.sbc.org.br\/en\/wp-json\/wp\/v2\/pages"}],"about":[{"href":"https:\/\/sbrc2019.sbc.org.br\/en\/wp-json\/wp\/v2\/types\/page"}],"author":[{"embeddable":true,"href":"https:\/\/sbrc2019.sbc.org.br\/en\/wp-json\/wp\/v2\/users\/1"}],"replies":[{"embeddable":true,"href":"https:\/\/sbrc2019.sbc.org.br\/en\/wp-json\/wp\/v2\/comments?post=1823"}],"version-history":[{"count":3,"href":"https:\/\/sbrc2019.sbc.org.br\/en\/wp-json\/wp\/v2\/pages\/1823\/revisions"}],"predecessor-version":[{"id":2294,"href":"https:\/\/sbrc2019.sbc.org.br\/en\/wp-json\/wp\/v2\/pages\/1823\/revisions\/2294"}],"wp:attachment":[{"href":"https:\/\/sbrc2019.sbc.org.br\/en\/wp-json\/wp\/v2\/media?parent=1823"}],"curies":[{"name":"wp","href":"https:\/\/api.w.org\/{rel}","templated":true}]}}