{"id":1656,"date":"2019-03-27T23:42:44","date_gmt":"2019-03-27T23:42:44","guid":{"rendered":"http:\/\/sbrc2019.sbc.org.br\/?page_id=1656"},"modified":"2024-10-01T23:30:18","modified_gmt":"2024-10-02T02:30:18","slug":"palestras","status":"publish","type":"page","link":"https:\/\/sbrc2019.sbc.org.br\/en\/palestras\/","title":{"rendered":"KEYNOTES"},"content":{"rendered":"<section class=\"l-section wpb_row height_medium\"><div class=\"l-section-h i-cf\"><div class=\"g-cols vc_row type_default valign_top\"><div class=\"vc_col-sm-4 wpb_column vc_column_container\"><div class=\"vc_column-inner\"><div class=\"wpb_wrapper\"><div class=\"w-person layout_circle with_desc\" itemscope itemtype=\"https:\/\/schema.org\/Person\"><div class=\"w-person-image\"><img loading=\"lazy\" decoding=\"async\" src=\"https:\/\/sbrc2019.sbc.org.br\/wp-content\/uploads\/2019\/03\/portrait.jpg\" width=\"350\" height=\"350\" alt=\"Justine Sherry\" itemprop=\"image\"><\/div><div class=\"w-person-content\"><h4 class=\"w-person-name\" itemprop=\"name\"><span>Justine Sherry<\/span><\/h4><div class=\"w-person-description\" itemprop=\"description\"><strong>Title: <a href=\"http:\/\/sbrc2019.sbc.org.br\/justine-sherry\/\">Censo dos TCPs: Medidas de Heterogeneidade e Justi\u00e7a na Internet Moderna<\/a><\/strong><\/div><\/div><\/div><\/div><\/div><\/div><div class=\"vc_col-sm-4 wpb_column vc_column_container\"><div class=\"vc_column-inner\"><div class=\"wpb_wrapper\"><div class=\"w-person layout_circle with_desc\" itemscope itemtype=\"https:\/\/schema.org\/Person\"><div class=\"w-person-image\"><img loading=\"lazy\" decoding=\"async\" src=\"https:\/\/sbrc2019.sbc.org.br\/wp-content\/uploads\/2019\/03\/tbenson2-350x350.jpg\" width=\"350\" height=\"350\" alt=\"Theophilus Benson\" itemprop=\"image\"><\/div><div class=\"w-person-content\"><h4 class=\"w-person-name\" itemprop=\"name\"><span>Theophilus Benson<\/span><\/h4><div class=\"w-person-description\" itemprop=\"description\"><strong>Title: <a href=\"http:\/\/sbrc2019.sbc.org.br\/theophilus-benson\/\">A Data-driven Approach to Speeding Up the Internet<\/a><\/strong><\/div><\/div><\/div><\/div><\/div><\/div><div class=\"vc_col-sm-4 wpb_column vc_column_container\"><div class=\"vc_column-inner\"><div class=\"wpb_wrapper\"><div class=\"w-person layout_circle with_desc\" itemscope itemtype=\"https:\/\/schema.org\/Person\"><div class=\"w-person-image\"><img loading=\"lazy\" decoding=\"async\" src=\"https:\/\/sbrc2019.sbc.org.br\/wp-content\/uploads\/2019\/03\/download-1-350x350.jpeg\" width=\"350\" height=\"350\" alt=\"Walter Willinger\" itemprop=\"image\"><\/div><div class=\"w-person-content\"><h4 class=\"w-person-name\" itemprop=\"name\"><span>Walter Willinger<\/span><\/h4><div class=\"w-person-description\" itemprop=\"description\"><strong>Title: <a href=\"http:\/\/sbrc2019.sbc.org.br\/walter-willinger\/\">A LIDAR for Self-Driving Networking<\/a><\/strong><\/div><\/div><\/div><\/div><\/div><\/div><\/div><\/div><\/section><section class=\"l-section wpb_row height_medium\"><div class=\"l-section-h i-cf\"><div class=\"g-cols vc_row type_default valign_top\"><div class=\"vc_col-sm-4 wpb_column vc_column_container\"><div class=\"vc_column-inner\"><div class=\"wpb_wrapper\"><div class=\"w-person layout_circle with_desc\" itemscope itemtype=\"https:\/\/schema.org\/Person\"><div class=\"w-person-image\"><img loading=\"lazy\" decoding=\"async\" src=\"https:\/\/sbrc2019.sbc.org.br\/wp-content\/uploads\/2019\/04\/iguacu-1-350x350.jpg\" width=\"350\" height=\"350\" alt=\"Timothy Griffin\" itemprop=\"image\"><\/div><div class=\"w-person-content\"><h4 class=\"w-person-name\" itemprop=\"name\"><span>Timothy Griffin<\/span><\/h4><div class=\"w-person-description\" itemprop=\"description\"><strong>Title: <a href=\"http:\/\/sbrc2019.sbc.org.br\/timothy-griffin\/\">Roteamento distribu\u00eddo baseado em pol\u00edticas sem coordena\u00e7\u00e3o global<\/a><\/strong><\/div><\/div><\/div><\/div><\/div><\/div><div class=\"vc_col-sm-4 wpb_column vc_column_container\"><div class=\"vc_column-inner\"><div class=\"wpb_wrapper\"><\/div><\/div><\/div><div class=\"vc_col-sm-4 wpb_column vc_column_container\"><div class=\"vc_column-inner\"><div class=\"wpb_wrapper\"><\/div><\/div><\/div><\/div><\/div><\/section>\n","protected":false},"excerpt":{"rendered":"","protected":false},"author":1,"featured_media":0,"parent":0,"menu_order":0,"comment_status":"closed","ping_status":"closed","template":"","meta":{"_seopress_robots_primary_cat":"","_seopress_titles_title":"","_seopress_titles_desc":"","_seopress_robots_index":"","footnotes":""},"class_list":["post-1656","page","type-page","status-publish","hentry"],"_links":{"self":[{"href":"https:\/\/sbrc2019.sbc.org.br\/en\/wp-json\/wp\/v2\/pages\/1656","targetHints":{"allow":["GET"]}}],"collection":[{"href":"https:\/\/sbrc2019.sbc.org.br\/en\/wp-json\/wp\/v2\/pages"}],"about":[{"href":"https:\/\/sbrc2019.sbc.org.br\/en\/wp-json\/wp\/v2\/types\/page"}],"author":[{"embeddable":true,"href":"https:\/\/sbrc2019.sbc.org.br\/en\/wp-json\/wp\/v2\/users\/1"}],"replies":[{"embeddable":true,"href":"https:\/\/sbrc2019.sbc.org.br\/en\/wp-json\/wp\/v2\/comments?post=1656"}],"version-history":[{"count":14,"href":"https:\/\/sbrc2019.sbc.org.br\/en\/wp-json\/wp\/v2\/pages\/1656\/revisions"}],"predecessor-version":[{"id":2286,"href":"https:\/\/sbrc2019.sbc.org.br\/en\/wp-json\/wp\/v2\/pages\/1656\/revisions\/2286"}],"wp:attachment":[{"href":"https:\/\/sbrc2019.sbc.org.br\/en\/wp-json\/wp\/v2\/media?parent=1656"}],"curies":[{"name":"wp","href":"https:\/\/api.w.org\/{rel}","templated":true}]}}