{"id":1442,"date":"2019-02-04T17:46:11","date_gmt":"2019-02-04T17:46:11","guid":{"rendered":"http:\/\/sbrc2019.sbc.org.br\/?page_id=1442"},"modified":"2024-10-01T23:30:18","modified_gmt":"2024-10-02T02:30:18","slug":"minicursos-aceitos-2","status":"publish","type":"page","link":"https:\/\/sbrc2019.sbc.org.br\/en\/minicursos-aceitos-2\/","title":{"rendered":"ACCEPTED SHORT COURSES"},"content":{"rendered":"<h3><strong>Minicurso 1 (MC-1):<\/strong>\u00a0Seguran\u00e7a na Internet do Futuro: Provendo Confian\u00e7a Distribu\u00edda atrav\u00e9s de Correntes de Blocos na Virtualiza\u00e7\u00e3o de Fun\u00e7\u00f5es de Rede<\/h3>\n<p><strong>Autores:<\/strong> Gabriel Antonio Rebello (UFRJ), Gustavo F. Camilo (UFRJ), Leonardo Silva (UFRJ), Lucas Airam Souza (UFRJ), Lucas Guimar\u00e3es (UFRJ) e Otto Carlos Muniz Bandeira Duarte (UFRJ<\/p>\n<h3><strong>Minicurso 2 (MC-2):\u00a0<\/strong>Computa\u00e7\u00e3o Urbana da Teoria \u00e0 Pr\u00e1tica: Fundamentos, Aplica\u00e7\u00f5es e Desafios<\/h3>\n<p><strong>Autores:<\/strong> Geraldo Pereira (ICMC-USP), Raquel S. Cabral (Universidade Federal de Alagoas), Ademar Akabane (UNICAMP), Felipe Domingos da Cunha (PUC Minas), Daniel Guidoni (Universidade Federal de S\u00e3o Jo\u00e3o del-Rei), Eduardo Cerqueira (Universidade Federal do Par\u00e1 &#8211; UFPA), Roger Immich (Unicamp) e Leandro Villas (UNICAMP)<\/p>\n<h3><strong>Minicurso 3 (MC-3):\u00a0<\/strong>Processamento R\u00e1pido de Pacotes com eBPF e XDP<\/h3>\n<p><strong>Autores:\u00a0<\/strong>Marcos Vieira (UFMG), Racyus Pac\u00edfico (UFMG), Matheus Castanho (UFMG), Elerson Rubens da Silva Santos (UFMG), Eduardo C\u00e2mara J\u00fanior (UFMG) e Luiz Filipe Vieira (UFMG)<\/p>\n<h3><strong>Minicurso 4 (MC-4):\u00a0<\/strong>An\u00e1lise de Dados em Redes Sem Fio de Grande Porte: Processamento em Fluxo em Tempo Real, Tend\u00eancias e Desafios<\/h3>\n<p><strong>Autores:<\/strong> Dianne Medeiros (UFF), Helio Cunha (UFF), Martin Andreoni Lopez (Samsung Research &#8211; Brazil), Luiz Magalhaes (UFF), Edelberto Silva (UFJF), Alex Vieira (UFJF), Natalia Fernandes (UFF) e Diogo Mattos (UFF)<\/p>\n<h3><strong>Minicurso 5 (MC-5):\u00a0<\/strong>Introdu\u00e7\u00e3o \u00e0 criptografia para administradores de sistemas com TLS, OpenSSL e Apache mod_ssl<\/h3>\n<p><strong>Autores:<\/strong> Alexandre Braga (UNICAMP), Ricardo Dahab (UNICAMP)<\/p>\n<h3><strong>Minicurso 6 (MC-6):\u00a0<\/strong>Introdu\u00e7\u00e3o \u00e0 Ci\u00eancia de Dados: Uma Vis\u00e3o Pragm\u00e1tica utilizando Python, Aplica\u00e7\u00f5es e Oportunidades em Redes de Computadores<\/h3>\n<p><strong>Autores:<\/strong> Giovanni Comarela (UFV), Celio Trois (UFSM), Jo\u00e3o Corr\u00eaa (UFES), Alextian Liberato (Instituto Federal de Educa\u00e7\u00e3o, Ci\u00eancia e Tecnologia do Esp\u00edrito Santo &#8211; IFES), Magnos Martinello (UFES) e Gabriel Franco (UFV)<\/p>\n","protected":false},"excerpt":{"rendered":"<p>Minicurso 1 (MC-1):\u00a0Seguran\u00e7a na Internet do Futuro: Provendo Confian\u00e7a Distribu\u00edda atrav\u00e9s de Correntes de Blocos na Virtualiza\u00e7\u00e3o de Fun\u00e7\u00f5es de Rede Autores: Gabriel Antonio Rebello (UFRJ), Gustavo F. Camilo (UFRJ),&#8230;<\/p>\n","protected":false},"author":1,"featured_media":0,"parent":0,"menu_order":0,"comment_status":"closed","ping_status":"closed","template":"","meta":{"_seopress_robots_primary_cat":"","_seopress_titles_title":"","_seopress_titles_desc":"","_seopress_robots_index":"","footnotes":""},"class_list":["post-1442","page","type-page","status-publish","hentry"],"_links":{"self":[{"href":"https:\/\/sbrc2019.sbc.org.br\/en\/wp-json\/wp\/v2\/pages\/1442","targetHints":{"allow":["GET"]}}],"collection":[{"href":"https:\/\/sbrc2019.sbc.org.br\/en\/wp-json\/wp\/v2\/pages"}],"about":[{"href":"https:\/\/sbrc2019.sbc.org.br\/en\/wp-json\/wp\/v2\/types\/page"}],"author":[{"embeddable":true,"href":"https:\/\/sbrc2019.sbc.org.br\/en\/wp-json\/wp\/v2\/users\/1"}],"replies":[{"embeddable":true,"href":"https:\/\/sbrc2019.sbc.org.br\/en\/wp-json\/wp\/v2\/comments?post=1442"}],"version-history":[{"count":3,"href":"https:\/\/sbrc2019.sbc.org.br\/en\/wp-json\/wp\/v2\/pages\/1442\/revisions"}],"predecessor-version":[{"id":2285,"href":"https:\/\/sbrc2019.sbc.org.br\/en\/wp-json\/wp\/v2\/pages\/1442\/revisions\/2285"}],"wp:attachment":[{"href":"https:\/\/sbrc2019.sbc.org.br\/en\/wp-json\/wp\/v2\/media?parent=1442"}],"curies":[{"name":"wp","href":"https:\/\/api.w.org\/{rel}","templated":true}]}}